{"id":697,"date":"2018-05-08T14:23:53","date_gmt":"2018-05-08T12:23:53","guid":{"rendered":"https:\/\/beta.charlya.be\/?page_id=697"},"modified":"2021-10-18T23:23:25","modified_gmt":"2021-10-18T21:23:25","slug":"%ef%bb%bf%ef%bb%bf","status":"publish","type":"page","link":"https:\/\/charlya.be\/nl\/","title":{"rendered":"Home"},"content":{"rendered":"<div class=\"wpb-content-wrapper\"><p>[vc_row type=&#8221;vc_default&#8221; full_width=&#8221;stretch_row_content_no_spaces&#8221; preset=&#8221;mpc_preset_284&#8243; content_preset=&#8221;_mpc_preset_284&#8243; first_background_type=&#8221;image&#8221; first_background_image=&#8221;14&#8243; first_background_size=&#8221;cover&#8221; css=&#8221;.vc_custom_1525781545428{padding-bottom: 60px !important;background-position: center !important;background-repeat: no-repeat !important;background-size: cover !important;}&#8221; el_class=&#8221;slider&#8221;][vc_column]\n\t\t\t<!-- START accueil REVOLUTION SLIDER 6.7.37 --><p class=\"rs-p-wp-fix\"><\/p>\n\t\t\t<rs-module-wrap id=\"rev_slider_1_1_wrapper\" data-source=\"gallery\" style=\"visibility:hidden;background:transparent;padding:0;margin:0px auto;margin-top:0;margin-bottom:0;\">\n\t\t\t\t<rs-module id=\"rev_slider_1_1\" style=\"\" data-version=\"6.7.37\">\n\t\t\t\t\t<rs-slides style=\"overflow: hidden; position: absolute;\">\n\t\t\t\t\t\t<rs-slide style=\"position: absolute;\" data-key=\"rs-1\" data-title=\"Slide\" data-anim=\"adpr:false;ms:10;\" data-out=\"a:false;\">\n\t\t\t\t\t\t\t<img decoding=\"async\" src=\"\/\/charlya.be\/wp-content\/plugins\/revslider\/sr6\/assets\/assets\/dummy.png\" alt=\"\" title=\"Home\" class=\"rev-slidebg tp-rs-img rs-lazyload\" data-lazyload=\"\/\/charlya.be\/wp-content\/uploads\/2019\/10\/charlya-home.jpg\" data-no-retina>\n<!--\n\t\t\t\t\t\t\t--><rs-layer\n\t\t\t\t\t\t\t\tid=\"slider-1-slide-1-layer-3\" \n\t\t\t\t\t\t\t\tdata-type=\"image\"\n\t\t\t\t\t\t\t\tdata-rsp_ch=\"on\"\n\t\t\t\t\t\t\t\tdata-xy=\"x:c;y:c;\"\n\t\t\t\t\t\t\t\tdata-text=\"l:22;a:inherit;\"\n\t\t\t\t\t\t\t\tdata-dim=\"w:1000px;h:197px;\"\n\t\t\t\t\t\t\t\tdata-frame_1=\"sp:10;\"\n\t\t\t\t\t\t\t\tdata-frame_999=\"o:0;st:w;sR:8810;\"\n\t\t\t\t\t\t\t\tstyle=\"z-index:5;\"\n\t\t\t\t\t\t\t><img decoding=\"async\" src=\"\/\/charlya.be\/wp-content\/plugins\/revslider\/sr6\/assets\/assets\/dummy.png\" alt=\"Logo\" class=\"tp-rs-img rs-lazyload\" width=\"2500\" height=\"492\" data-lazyload=\"\/\/charlya.be\/wp-content\/uploads\/2018\/06\/CHARLYA-BRIDAL-blanc-01.png\" data-no-retina> \n\t\t\t\t\t\t\t<\/rs-layer><!--\n-->\t\t\t\t\t<\/rs-slide>\n\t\t\t\t\t<\/rs-slides>\n\t\t\t\t<\/rs-module>\n\t\t\t\t<script>\n\t\t\t\t\tsetREVStartSize({c: 'rev_slider_1_1',rl:[1240,1024,778,480],el:[800],gw:[1240],gh:[800],type:'standard',justify:'',layout:'fullwidth',mh:\"0\"});if (window.RS_MODULES!==undefined && window.RS_MODULES.modules!==undefined && window.RS_MODULES.modules[\"revslider11\"]!==undefined) {window.RS_MODULES.modules[\"revslider11\"].once = false;window.revapi1 = undefined;if (window.RS_MODULES.checkMinimal!==undefined) window.RS_MODULES.checkMinimal()}\n\t\t\t\t<\/script>\n\t\t\t<\/rs-module-wrap>\n\t\t\t<!-- END REVOLUTION SLIDER -->\n[\/vc_column][\/vc_row][vc_row type=&#8221;vc_default&#8221;][vc_column][vc_column_text]<\/p>\n<h1 style=\"text-align: center; font-size: 16px; line-height: 20px; letter-spacing: 2px;\">Een unieke selectie in Brussel voor moderne en vrouwelijke trouwjurken,<\/h1>\n<h1 style=\"text-align: center; font-size: 16px; line-height: 20px; letter-spacing: 2px;\">\u00e9\u00e9n voor \u00e9\u00e9n gekozen door erkende ontwerpers.<\/h1>\n<p>[\/vc_column_text][vc_column_text][\/vc_column_text][\/vc_column][\/vc_row][vc_row type=&#8221;vc_default&#8221; full_width=&#8221;stretch_row&#8221; equal_height=&#8221;yes&#8221; content_placement=&#8221;middle&#8221; preset=&#8221;mpc_preset_91&#8243; content_preset=&#8221;_mpc_preset_91&#8243; css=&#8221;.vc_custom_1525867306910{margin-top: 45px !important;margin-bottom: 45px !important;}&#8221;][vc_column css=&#8221;.vc_custom_1449490455105{padding-top: 0px !important;}&#8221;][vc_row_inner equal_height=&#8221;yes&#8221; content_placement=&#8221;middle&#8221; gap=&#8221;5&#8243;][vc_column_inner width=&#8221;1\/3&#8243;]<div data-id=\"mpc_image-3169e20f39ea386\" onclick=\"\" class=\"mpc-image mpc-init mpc-animation  mpc-overlay--fade\"  data-animation-in=\"transition.fadeIn||800||300||90\" data-align=\"middle-center\"><div class=\"mpc-item mpc-transition\"><img decoding=\"async\" class=\"mpc-transition \" src=\"https:\/\/charlya.be\/wp-content\/uploads\/2018\/09\/charlya-6-2-1-360x529.jpg\" width=\"360\" height=\"529\" alt=\"charlya-6 2\" title=\"charlya-6 2\" loading=\"lazy\" \/><div class=\"mpc-item-overlay mpc-transition\"><div class=\"mpc-overlay--vertical-wrap\"><div class=\"mpc-overlay--vertical\"><a href=\"\/nl\/om-een-afspraak\/\" target=\"\" title=\"\"  class=\"mpc-icon-anchor\"><i class=\"mpc-item-overlay__icon mpc-type--external mpc-icon--character mpc-typography--mpc_preset_5\">AFSPRAAK<\/i><\/a><\/div><\/div><\/div><\/div><\/div>[\/vc_column_inner][vc_column_inner width=&#8221;1\/3&#8243;]<div data-id=\"mpc_image-7969e20f39ea501\" onclick=\"\" class=\"mpc-image mpc-init mpc-animation  mpc-overlay--fade\"  data-animation-in=\"transition.fadeIn||800||300||90\" data-align=\"middle-center\"><div class=\"mpc-item mpc-transition\"><img decoding=\"async\" class=\"mpc-transition \" src=\"https:\/\/charlya.be\/wp-content\/uploads\/2018\/09\/robe-1-360x529.jpg\" width=\"360\" height=\"529\" alt=\"robe\" title=\"robe\" loading=\"lazy\" \/><div class=\"mpc-item-overlay mpc-transition\"><div class=\"mpc-overlay--vertical-wrap\"><div class=\"mpc-overlay--vertical\"><a href=\"\/nl\/jurken\/\" target=\"\" title=\"\"  class=\"mpc-icon-anchor\"><i class=\"mpc-item-overlay__icon mpc-type--external mpc-icon--character mpc-typography--mpc_preset_5\">JURKEN<\/i><\/a><\/div><\/div><\/div><\/div><\/div>[\/vc_column_inner][vc_column_inner width=&#8221;1\/3&#8243;]<div data-id=\"mpc_image-3169e20f39ea623\" onclick=\"\" class=\"mpc-image mpc-init mpc-animation  mpc-overlay--fade\"  data-animation-in=\"transition.fadeIn||800||300||90\" data-align=\"middle-center\"><div class=\"mpc-item mpc-transition\"><img decoding=\"async\" class=\"mpc-transition \" src=\"https:\/\/charlya.be\/wp-content\/uploads\/2018\/09\/charlya-9-360x529.jpg\" width=\"360\" height=\"529\" alt=\"robes de mari\u00e9e\" title=\"charlya-9-360x529\" loading=\"lazy\" \/><div class=\"mpc-item-overlay mpc-transition\"><div class=\"mpc-overlay--vertical-wrap\"><div class=\"mpc-overlay--vertical\"><a href=\"\/nl\/accessoires\/\" target=\"\" title=\"\"  class=\"mpc-icon-anchor\"><i class=\"mpc-item-overlay__icon mpc-type--external mpc-icon--character mpc-typography--mpc_preset_5\">ACCESSOIRES<\/i><\/a><\/div><\/div><\/div><\/div><\/div>[\/vc_column_inner][\/vc_row_inner][\/vc_column][\/vc_row]<\/p>\n<\/div>","protected":false},"excerpt":{"rendered":"<p>[vc_row type=&#8221;vc_default&#8221; full_width=&#8221;stretch_row_content_no_spaces&#8221; preset=&#8221;mpc_preset_284&#8243; content_preset=&#8221;_mpc_preset_284&#8243; first_background_type=&#8221;image&#8221; first_background_image=&#8221;14&#8243; first_background_size=&#8221;cover&#8221; css=&#8221;.vc_custom_1525781545428{padding-bottom: 60px !important;background-position: center !important;background-repeat: no-repeat !important;background-size: cover !important;}&#8221; el_class=&#8221;slider&#8221;][vc_column][\/vc_column][\/vc_row][vc_row type=&#8221;vc_default&#8221;][vc_column][vc_column_text] Een unieke selectie in Brussel voor moderne en vrouwelijke trouwjurken, \u00e9\u00e9n voor \u00e9\u00e9n gekozen door erkende ontwerpers. [\/vc_column_text][vc_column_text][\/vc_column_text][\/vc_column][\/vc_row][vc_row type=&#8221;vc_default&#8221; full_width=&#8221;stretch_row&#8221; equal_height=&#8221;yes&#8221; content_placement=&#8221;middle&#8221; preset=&#8221;mpc_preset_91&#8243; content_preset=&#8221;_mpc_preset_91&#8243; css=&#8221;.vc_custom_1525867306910{margin-top: 45px !important;margin-bottom: 45px !important;}&#8221;][vc_column css=&#8221;.vc_custom_1449490455105{padding-top: 0px !important;}&#8221;][vc_row_inner equal_height=&#8221;yes&#8221; content_placement=&#8221;middle&#8221; gap=&#8221;5&#8243;][vc_column_inner width=&#8221;1\/3&#8243;][\/vc_column_inner][vc_column_inner<\/p>\n","protected":false},"author":5,"featured_media":0,"parent":0,"menu_order":0,"comment_status":"closed","ping_status":"closed","template":"","meta":{"footnotes":""},"class_list":["post-697","page","type-page","status-publish","hentry","description-off"],"_links":{"self":[{"href":"https:\/\/charlya.be\/nl\/wp-json\/wp\/v2\/pages\/697","targetHints":{"allow":["GET"]}}],"collection":[{"href":"https:\/\/charlya.be\/nl\/wp-json\/wp\/v2\/pages"}],"about":[{"href":"https:\/\/charlya.be\/nl\/wp-json\/wp\/v2\/types\/page"}],"author":[{"embeddable":true,"href":"https:\/\/charlya.be\/nl\/wp-json\/wp\/v2\/users\/5"}],"replies":[{"embeddable":true,"href":"https:\/\/charlya.be\/nl\/wp-json\/wp\/v2\/comments?post=697"}],"version-history":[{"count":1,"href":"https:\/\/charlya.be\/nl\/wp-json\/wp\/v2\/pages\/697\/revisions"}],"predecessor-version":[{"id":2294,"href":"https:\/\/charlya.be\/nl\/wp-json\/wp\/v2\/pages\/697\/revisions\/2294"}],"wp:attachment":[{"href":"https:\/\/charlya.be\/nl\/wp-json\/wp\/v2\/media?parent=697"}],"curies":[{"name":"wp","href":"https:\/\/api.w.org\/{rel}","templated":true}]}}